{"id":57,"date":"2019-03-26T20:36:35","date_gmt":"2019-03-26T20:36:35","guid":{"rendered":"http:\/\/www.tisknese.cz\/?page_id=57"},"modified":"2023-04-12T13:52:33","modified_gmt":"2023-04-12T13:52:33","slug":"sluzby-a-produkty","status":"publish","type":"page","link":"https:\/\/www.tisknese.cz\/index.php\/sluzby-a-produkty\/","title":{"rendered":"Slu\u017eby a produkty"},"content":{"rendered":"\n<p><\/p>\n\n\n\n<h4 class=\"wp-block-heading\"><strong>Barevn\u00e9 a \u010cB kopie, tisk a skenov\u00e1n\u00ed: <\/strong><\/h4>\n\n\n\n<p>Tiskneme na digit\u00e1ln\u00ed\ntisk\u00e1rn\u011b Rex-Rotary, do form\u00e1tu A3<\/p>\n\n\n\n<p>Tisk na pap\u00edry&nbsp;80g a\u017e&nbsp;300g\/m2<\/p>\n\n\n\n<p>Tisk na etikety a f\u00f3lie A4<\/p>\n\n\n\n<p>Fotografie v\u00e1m vytiskneme na arch A4 lesk 250g\/m2<\/p>\n\n\n\n<p>Skenujeme\np\u0159\u00edmo na USB nebo po\u0161leme sken na zvolen\u00fd email, ve form\u00e1tu PDF<\/p>\n\n\n\n<h4 class=\"wp-block-heading\"><strong>\u010cB b\u011b\u017en\u00e9 kopie a tisk dokument\u016f: <\/strong><\/h4>\n\n\n\n<p>Tiskneme na digit\u00e1ln\u00ed\ntisk\u00e1rn\u011b Konica Minolta &#8211; Bizhub, do form\u00e1tu A3<\/p>\n\n\n\n<p>Tisk na pap\u00edry&nbsp;80g<\/p>\n\n\n\n<h4 class=\"wp-block-heading\"><br>\n<strong>Vizitky a ozn\u00e1men\u00ed DL, A6<\/strong><\/h4>\n\n\n\n<p>Mimo\nklasick\u00fdch b\u00edl\u00fdch pap\u00edr\u016f pro tisk, typu leskl\u00e1 nebo matn\u00e1 k\u0159\u00edda m\u00e1me&nbsp; k dispozici i n\u011bkter\u00e9 dal\u0161\u00ed grafick\u00e9\nmateri\u00e1ly. Vhodn\u00e9 nap\u0159\u00edklad na vizitky, svatebn\u00ed tiskoviny, svatebn\u00ed ozn\u00e1men\u00ed,\npozv\u00e1nky, jmenovky na st\u016fl, j\u00eddeln\u00ed l\u00edstky a dal\u0161\u00ed zaj\u00edmav\u00e9 aplikace.<\/p>\n\n\n\n<p>Jde o o\npap\u00edry, kter\u00e9 na prvn\u00ed pohled&nbsp;zaujmou jak barvou, tak i na dotek p\u0159\u00edjemnou\njemnou strukturou. Tiskoviny k mo\u017enosti v\u00fdb\u011bru.<\/p>\n\n\n\n<h4 class=\"wp-block-heading\"><br>\n<strong>Raz\u00edtka<\/strong><\/h4>\n\n\n\n<p>Nab\u00edz\u00edme skv\u011bl\u00e9 \u0159e\u0161en\u00edm v podob\u011b cenov\u011b p\u0159ijateln\u00fdch, no i p\u0159esto velice kvalitn\u00edch raz\u00edtek pop\u0159edn\u00edch rakousk\u00fdch v\u00fdrobc\u016f Trodat a Colop.<br> Vyberte si u n\u00e1s z \u0161irok\u00e9 nab\u00eddky raz\u00edtek v\u0161ech dostupn\u00fdch rozm\u011br\u016f a tvar\u016f.&nbsp;Raz\u00edtka Colop Printer a Trodat &nbsp;jsou pro spolehliv\u00e9 a pravideln\u00ed pou\u017e\u00edv\u00e1n\u00ed vyrobeny z kvalitn\u00edch materi\u00e1l\u016f. R\u016fzn\u00e9 modely jsou dostupn\u00e9 ve v\u00edce proveden\u00edch:&nbsp;datumov\u00e9 a \u010d\u00edslovac\u00ed raz\u00edtka s textovou plochou, na kter\u00e9 si m\u016f\u017eete sami navrhnout libovoln\u00fd text, logo, nebo nen\u00e1ro\u010dn\u00ed obr\u00e1zek. Naleznete zde taky&nbsp;\u010d\u00edslovac\u00ed a datumov\u00e9 raz\u00edtka s p\u0159edem p\u0159ipraven\u00fdm textem&nbsp;pro snadn\u011bj\u0161\u00ed pr\u00e1ci ve skladov\u00e9m hospod\u00e1\u0159stv\u00ed, nebo pro archivaci dokument\u016f. <\/p>\n\n\n\n<h4 class=\"wp-block-heading\"><strong>Lamino<\/strong><\/h4>\n\n\n\n<p>Pou\u017e\u00edv\u00e1me laminovac\u00ed f\u00f3lie 125 \u00b5m s t\u011bmito form\u00e1ty:<\/p>\n\n\n\n<p>&nbsp;karti\u010dky, A5, A4 a A3.<\/p>\n\n\n\n<h4 class=\"wp-block-heading\"><strong>Potisk textilu a p\u0159edm\u011bt\u016f (podlo\u017eka pod my\u0161, puzzle a hrnky)<\/strong> <\/h4>\n\n\n\n<h4 class=\"wp-block-heading has-luminous-vivid-orange-color has-text-color\"><a rel=\"noreferrer noopener\" href=\"https:\/\/www.tisknese.online\/\" target=\"_blank\">mo\u017enost objednat i zde, na na\u0161em E-shopu<\/a><\/h4>\n\n\n\n<p>Darovat\ntriko nebo hrnek s&nbsp;vlastn\u00edm motivem, je v\u017edy dobr\u00fd n\u00e1pad. Je to origin\u00e1ln\u00ed\na velmi praktick\u00fd p\u0159ekvapen\u00ed, kter\u00fd ud\u011bl\u00e1 radost ka\u017ed\u00e9mu. To je d\u016fvod, pro\u010d\np\u0159in\u00e1\u0161\u00edme r\u016fzn\u00e9 druhy potisk\u016f p\u0159izp\u016fsoben\u00fdch jak pro p\u00e1ry, pro otce a matky,\npro prarodi\u010de nebo pro u\u010ditele, tak i d\u011bti a jin\u00e9.<\/p>\n\n\n\n<p>&nbsp;Krom\u011b toho si m\u016f\u017eete libovoln\u011b zvolit obr\u00e1zek p\u0159izp\u016fsobit\npomoc\u00ed textu nebo pouh\u00fdm v\u00fdb\u011brem mezi na\u0161e z\u00e1bavn\u00e9 n\u00e1vrhy.<\/p>\n\n\n\n<p>Potisky\nvyr\u00e1b\u00edme na na\u0161e b\u00edl\u00e1 a \u010dern\u00e1 trika nebo i va\u0161e donesen\u00e9 (je pot\u0159eba 100%\nbavlna). <\/p>\n\n\n\n<p>Puzzle m\u00e1me k dispozici maxim\u00e1ln\u011b ve form\u00e1tu A4.<\/p>\n","protected":false},"excerpt":{"rendered":"<p>Barevn\u00e9 a \u010cB kopie, tisk a skenov\u00e1n\u00ed: Tiskneme na digit\u00e1ln\u00ed tisk\u00e1rn\u011b Rex-Rotary, do form\u00e1tu A3 Tisk na pap\u00edry&nbsp;80g a\u017e&nbsp;300g\/m2 Tisk na etikety a f\u00f3lie A4 Fotografie v\u00e1m vytiskneme na arch A4 lesk 250g\/m2 Skenujeme p\u0159\u00edmo na USB nebo po\u0161leme sken na zvolen\u00fd email, ve form\u00e1tu PDF \u010cB b\u011b\u017en\u00e9 kopie a tisk dokument\u016f: Tiskneme na digit\u00e1ln\u00ed [&hellip;]<\/p>\n","protected":false},"author":1,"featured_media":0,"parent":0,"menu_order":0,"comment_status":"closed","ping_status":"closed","template":"","meta":{"footnotes":""},"class_list":["post-57","page","type-page","status-publish","hentry"],"_links":{"self":[{"href":"https:\/\/www.tisknese.cz\/index.php\/wp-json\/wp\/v2\/pages\/57","targetHints":{"allow":["GET"]}}],"collection":[{"href":"https:\/\/www.tisknese.cz\/index.php\/wp-json\/wp\/v2\/pages"}],"about":[{"href":"https:\/\/www.tisknese.cz\/index.php\/wp-json\/wp\/v2\/types\/page"}],"author":[{"embeddable":true,"href":"https:\/\/www.tisknese.cz\/index.php\/wp-json\/wp\/v2\/users\/1"}],"replies":[{"embeddable":true,"href":"https:\/\/www.tisknese.cz\/index.php\/wp-json\/wp\/v2\/comments?post=57"}],"version-history":[{"count":20,"href":"https:\/\/www.tisknese.cz\/index.php\/wp-json\/wp\/v2\/pages\/57\/revisions"}],"predecessor-version":[{"id":755,"href":"https:\/\/www.tisknese.cz\/index.php\/wp-json\/wp\/v2\/pages\/57\/revisions\/755"}],"wp:attachment":[{"href":"https:\/\/www.tisknese.cz\/index.php\/wp-json\/wp\/v2\/media?parent=57"}],"curies":[{"name":"wp","href":"https:\/\/api.w.org\/{rel}","templated":true}]}}